{"id":1634,"date":"2023-11-27T16:49:34","date_gmt":"2023-11-27T16:49:34","guid":{"rendered":"https:\/\/shop.miredmovil.com\/?post_type=product&#038;p=1634"},"modified":"2025-01-29T16:51:00","modified_gmt":"2025-01-29T16:51:00","slug":"honor-200","status":"publish","type":"product","link":"https:\/\/shop.miredmovil.com\/?product=honor-200","title":{"rendered":"Honor 200"},"content":{"rendered":"<h3><b>Caracter\u00edsticas Principales del HONOR 200:<\/b><\/h3>\n<ul>\n<li style=\"font-weight: 400;\" aria-level=\"1\"><b>Pantalla Inmersiva:<\/b><span style=\"font-weight: 400;\">\u00a0Disfruta de tus contenidos favoritos en la pantalla 6.7\u201d OLED, que ofrece colores vibrantes y un contraste impresionante, ideal para ver pel\u00edculas, jugar o navegar por la web.<\/span><\/li>\n<li style=\"font-weight: 400;\" aria-level=\"1\"><b>C\u00e1mara de Alta Resoluci\u00f3n:<\/b><span style=\"font-weight: 400;\">\u00a0Captura fotos y videos incre\u00edbles con la c\u00e1mara principal de 50 + 50 + 12 MP y una c\u00e1mara frontal de 50 MP. Cada toma es un verdadero deleite visual, gracias a la calidad de imagen superior que te ofrece este dispositivo.<\/span><\/li>\n<li style=\"font-weight: 400;\" aria-level=\"1\"><b>Duraci\u00f3n de Bater\u00eda:<\/b><span style=\"font-weight: 400;\">\u00a0Equipado con una potente bater\u00eda de 5,200 mAh, el HONOR 200 te permite disfrutar de tus aplicaciones y contenidos durante todo el d\u00eda sin preocupaciones.<\/span><\/li>\n<li style=\"font-weight: 400;\" aria-level=\"1\"><b>Rendimiento \u00d3ptimo:<\/b><span style=\"font-weight: 400;\">\u00a0Con 8 GB de RAM y 512 GB de memoria interna, tendr\u00e1s espacio m\u00e1s que suficiente para tus aplicaciones, fotos y videos, garantizando un rendimiento fluido y r\u00e1pido.<\/span><\/li>\n<li style=\"font-weight: 400;\" aria-level=\"1\"><b>Conectividad 5G:<\/b><span style=\"font-weight: 400;\"> Con la conectividad 5G, experimenta descargas ultrarr\u00e1pidas y una navegaci\u00f3n fluida, sin importar d\u00f3nde est\u00e9s.<\/span><\/li>\n<\/ul>\n<h3><b style=\"font-family: -apple-system, BlinkMacSystemFont, 'Segoe UI', Roboto, 'Helvetica Neue', Arial, 'Noto Sans', sans-serif, 'Apple Color Emoji', 'Segoe UI Emoji', 'Segoe UI Symbol', 'Noto Color Emoji';\">Colores\u00a0<\/b><\/h3>\n<p><span style=\"font-weight: 400;\">El HONOR 200 est\u00e1 disponible en dos colores elegantes: Blanco y Verde, perfectos para cualquier estilo. Est\u00e1n sujetos a disponibilidad**<\/span><\/p>\n<h3><b>Auriculares Earbuds Incluidos<\/b><\/h3>\n<p><span style=\"font-weight: 400;\">Disfruta de una experiencia auditiva completa con los auriculares earbuds incluidos en el paquete. Perfectos para escuchar m\u00fasica, hacer llamadas o disfrutar de tus contenidos multimedia sin cables.<\/span><\/p>\n<h3><b>Ventajas Especiales<\/b><\/h3>\n<ul>\n<li><span style=\"font-weight: 400;\">Aprovecha el env\u00edo gratis al adquirir tu\u00a0<\/span><b>HONOR 200 + EARBUDS<\/b><span style=\"font-weight: 400;\">. No te pierdas la oportunidad de tener un celular de alta gama acompa\u00f1ado de unos auriculares premium.<\/span><\/li>\n<li><span style=\"font-weight: 400;\">Transforma tu experiencia tecnol\u00f3gica con el HONOR 200. \u00a1Haz tu pedido hoy y disfruta de lo mejor en comunicaci\u00f3n y entretenimiento!<\/span><\/li>\n<\/ul>\n<p>&nbsp;<\/p>\n","protected":false},"excerpt":{"rendered":"<p><span style=\"font-weight: 400;\">El\u00a0<\/span><b>HONOR 200<\/b><span style=\"font-weight: 400;\">, un celular que combina tecnolog\u00eda avanzada y dise\u00f1o elegante, ahora con una impresionante capacidad de 512 GB. Adem\u00e1s, este paquete incluye unos modernos auriculares earbuds para que disfrutes de una experiencia de audio excepcional.<\/span><\/p>\n<h3><b>\u00a1Auriculares Earbuds Incluidos!<\/b><\/h3>\n","protected":false},"featured_media":1847,"comment_status":"closed","ping_status":"closed","template":"","meta":[],"product_brand":[],"product_cat":[25],"product_tag":[182],"class_list":{"0":"post-1634","1":"product","2":"type-product","3":"status-publish","4":"has-post-thumbnail","6":"product_cat-honor","7":"product_tag-honor-200","9":"first","10":"instock","11":"taxable","12":"shipping-taxable","13":"purchasable","14":"product-type-variable"},"_links":{"self":[{"href":"https:\/\/shop.miredmovil.com\/index.php?rest_route=\/wp\/v2\/product\/1634","targetHints":{"allow":["GET"]}}],"collection":[{"href":"https:\/\/shop.miredmovil.com\/index.php?rest_route=\/wp\/v2\/product"}],"about":[{"href":"https:\/\/shop.miredmovil.com\/index.php?rest_route=\/wp\/v2\/types\/product"}],"replies":[{"embeddable":true,"href":"https:\/\/shop.miredmovil.com\/index.php?rest_route=%2Fwp%2Fv2%2Fcomments&post=1634"}],"wp:featuredmedia":[{"embeddable":true,"href":"https:\/\/shop.miredmovil.com\/index.php?rest_route=\/wp\/v2\/media\/1847"}],"wp:attachment":[{"href":"https:\/\/shop.miredmovil.com\/index.php?rest_route=%2Fwp%2Fv2%2Fmedia&parent=1634"}],"wp:term":[{"taxonomy":"product_brand","embeddable":true,"href":"https:\/\/shop.miredmovil.com\/index.php?rest_route=%2Fwp%2Fv2%2Fproduct_brand&post=1634"},{"taxonomy":"product_cat","embeddable":true,"href":"https:\/\/shop.miredmovil.com\/index.php?rest_route=%2Fwp%2Fv2%2Fproduct_cat&post=1634"},{"taxonomy":"product_tag","embeddable":true,"href":"https:\/\/shop.miredmovil.com\/index.php?rest_route=%2Fwp%2Fv2%2Fproduct_tag&post=1634"}],"curies":[{"name":"wp","href":"https:\/\/api.w.org\/{rel}","templated":true}]}}