{"id":1872,"date":"2025-01-29T16:52:01","date_gmt":"2025-01-29T16:52:01","guid":{"rendered":"https:\/\/shop.miredmovil.com\/?post_type=product&#038;p=1872"},"modified":"2025-01-29T17:01:27","modified_gmt":"2025-01-29T17:01:27","slug":"honor-x5-plus","status":"publish","type":"product","link":"https:\/\/shop.miredmovil.com\/?product=honor-x5-plus","title":{"rendered":"Honor X5 Plus"},"content":{"rendered":"<h3><b>Caracter\u00edsticas Principales del HONOR 200:<\/b><\/h3>\n<h3><strong>Almacenamiento<\/strong><\/h3>\n<ul>\n<li>64 GB<\/li>\n<\/ul>\n<h3><strong>Desempe\u00f1o<\/strong><\/h3>\n<ul>\n<li>4G<\/li>\n<li>Android<\/li>\n<li>13<\/li>\n<\/ul>\n<h3><strong>Accesibilidad<\/strong><\/h3>\n<ul>\n<li>Auditiva<\/li>\n<li>Cognitiva<\/li>\n<li>Visual<\/li>\n<li>Motora<\/li>\n<\/ul>\n<p>&nbsp;<\/p>\n","protected":false},"excerpt":{"rendered":"<p><strong>El Honor X5 Plus<\/strong> viene con capacidad de 64 GB, para que tengas las aplicaciones que necesitas, toma fabulosas fotograf\u00edas y videos, con su c\u00e1mara trasera de 50 + 2 MP y la frontal de 5 MP para selfies. Cuenta con una c\u00f3moda pantalla touch de 6.56&#8243;, as\u00ed visualizas las im\u00e1genes de manera fluida o simplemente navegas en redes sociales. Soporte HONOR RAM Turbo. Este celular cuenta con una bater\u00eda de 5,200 mAh.<\/p>\n","protected":false},"featured_media":1875,"comment_status":"closed","ping_status":"closed","template":"","meta":[],"product_brand":[],"product_cat":[25],"product_tag":[182],"class_list":{"0":"post-1872","1":"product","2":"type-product","3":"status-publish","4":"has-post-thumbnail","6":"product_cat-honor","7":"product_tag-honor-200","9":"first","10":"instock","11":"taxable","12":"shipping-taxable","13":"purchasable","14":"product-type-variable"},"_links":{"self":[{"href":"https:\/\/shop.miredmovil.com\/index.php?rest_route=\/wp\/v2\/product\/1872","targetHints":{"allow":["GET"]}}],"collection":[{"href":"https:\/\/shop.miredmovil.com\/index.php?rest_route=\/wp\/v2\/product"}],"about":[{"href":"https:\/\/shop.miredmovil.com\/index.php?rest_route=\/wp\/v2\/types\/product"}],"replies":[{"embeddable":true,"href":"https:\/\/shop.miredmovil.com\/index.php?rest_route=%2Fwp%2Fv2%2Fcomments&post=1872"}],"wp:featuredmedia":[{"embeddable":true,"href":"https:\/\/shop.miredmovil.com\/index.php?rest_route=\/wp\/v2\/media\/1875"}],"wp:attachment":[{"href":"https:\/\/shop.miredmovil.com\/index.php?rest_route=%2Fwp%2Fv2%2Fmedia&parent=1872"}],"wp:term":[{"taxonomy":"product_brand","embeddable":true,"href":"https:\/\/shop.miredmovil.com\/index.php?rest_route=%2Fwp%2Fv2%2Fproduct_brand&post=1872"},{"taxonomy":"product_cat","embeddable":true,"href":"https:\/\/shop.miredmovil.com\/index.php?rest_route=%2Fwp%2Fv2%2Fproduct_cat&post=1872"},{"taxonomy":"product_tag","embeddable":true,"href":"https:\/\/shop.miredmovil.com\/index.php?rest_route=%2Fwp%2Fv2%2Fproduct_tag&post=1872"}],"curies":[{"name":"wp","href":"https:\/\/api.w.org\/{rel}","templated":true}]}}