{"id":1878,"date":"2025-01-29T17:06:29","date_gmt":"2025-01-29T17:06:29","guid":{"rendered":"https:\/\/shop.miredmovil.com\/?post_type=product&#038;p=1878"},"modified":"2025-01-29T17:16:53","modified_gmt":"2025-01-29T17:16:53","slug":"iphone-16-plus","status":"publish","type":"product","link":"https:\/\/shop.miredmovil.com\/?product=iphone-16-plus","title":{"rendered":"Iphone 16 Plus"},"content":{"rendered":"<h2>Caracter\u00edsticas Principales del iPhone 16 Plus:<\/h2>\n<ul>\n<li><strong>C\u00e1mara de Alto Rendimiento:<\/strong>\u00a0Captura momentos incre\u00edbles con la c\u00e1mara principal de 48 + 12 MP y la c\u00e1mara frontal de 12 MP. Gracias al Control de la C\u00e1mara, podr\u00e1s acceder f\u00e1cilmente a herramientas para ajustar la exposici\u00f3n, la profundidad de campo y m\u00e1s, asegurando que cada fotograf\u00eda y video sean perfectos en cualquier situaci\u00f3n.<\/li>\n<li><strong>Duraci\u00f3n de Bater\u00eda Excepcional:<\/strong>\u00a0Con hasta 27 horas de reproducci\u00f3n de video, la bater\u00eda del iPhone 16 Plus est\u00e1 dise\u00f1ada para durar todo el d\u00eda, permiti\u00e9ndote disfrutar de tus contenidos favoritos sin interrupciones.<\/li>\n<li><strong>Procesador Avanzado:<\/strong>\u00a0Equipado con el potente Chip A18 y una GPU de 5 n\u00facleos, el iPhone 16 Plus ofrece un rendimiento fluido y eficiente. Dise\u00f1ado para aprovechar Apple Intelligence, este dispositivo hace que escribir, expresarte y realizar tareas cotidianas sea m\u00e1s f\u00e1cil que nunca.<\/li>\n<li><strong>Privacidad y Seguridad:<\/strong>\u00a0Con avanzadas protecciones de privacidad, puedes estar tranquilo sabiendo que tus datos est\u00e1n seguros y solo t\u00fa tienes acceso a ellos.<\/li>\n<\/ul>\n<h3><strong>Almacenamiento<\/strong><\/h3>\n<ul>\n<li>128 GB<\/li>\n<\/ul>\n<h3><strong>Desempe\u00f1o<\/strong><\/h3>\n<ul>\n<li>4G\/5G<\/li>\n<li>iOS<\/li>\n<li>18<\/li>\n<\/ul>\n<h3><strong>Accesibilidad<\/strong><\/h3>\n<ul>\n<li>Auditiva<\/li>\n<li>Cognitiva<\/li>\n<li>Visual<\/li>\n<li>Motora<\/li>\n<\/ul>\n","protected":false},"excerpt":{"rendered":"<p>El\u00a0<strong>iPhone 16 Plus<\/strong>, un celular dise\u00f1ado para ofrecerte una experiencia premium con su amplia pantalla de 6.69\u201d. Disfruta de un rendimiento excepcional y tecnolog\u00eda de vanguardia, ideal para tus necesidades diarias.<\/p>\n","protected":false},"featured_media":1881,"comment_status":"closed","ping_status":"closed","template":"","meta":[],"product_brand":[],"product_cat":[19],"product_tag":[189],"class_list":{"0":"post-1878","1":"product","2":"type-product","3":"status-publish","4":"has-post-thumbnail","6":"product_cat-apple","7":"product_tag-iphone-16","9":"first","10":"instock","11":"taxable","12":"shipping-taxable","13":"purchasable","14":"product-type-simple"},"_links":{"self":[{"href":"https:\/\/shop.miredmovil.com\/index.php?rest_route=\/wp\/v2\/product\/1878","targetHints":{"allow":["GET"]}}],"collection":[{"href":"https:\/\/shop.miredmovil.com\/index.php?rest_route=\/wp\/v2\/product"}],"about":[{"href":"https:\/\/shop.miredmovil.com\/index.php?rest_route=\/wp\/v2\/types\/product"}],"replies":[{"embeddable":true,"href":"https:\/\/shop.miredmovil.com\/index.php?rest_route=%2Fwp%2Fv2%2Fcomments&post=1878"}],"wp:featuredmedia":[{"embeddable":true,"href":"https:\/\/shop.miredmovil.com\/index.php?rest_route=\/wp\/v2\/media\/1881"}],"wp:attachment":[{"href":"https:\/\/shop.miredmovil.com\/index.php?rest_route=%2Fwp%2Fv2%2Fmedia&parent=1878"}],"wp:term":[{"taxonomy":"product_brand","embeddable":true,"href":"https:\/\/shop.miredmovil.com\/index.php?rest_route=%2Fwp%2Fv2%2Fproduct_brand&post=1878"},{"taxonomy":"product_cat","embeddable":true,"href":"https:\/\/shop.miredmovil.com\/index.php?rest_route=%2Fwp%2Fv2%2Fproduct_cat&post=1878"},{"taxonomy":"product_tag","embeddable":true,"href":"https:\/\/shop.miredmovil.com\/index.php?rest_route=%2Fwp%2Fv2%2Fproduct_tag&post=1878"}],"curies":[{"name":"wp","href":"https:\/\/api.w.org\/{rel}","templated":true}]}}