{"id":1883,"date":"2025-01-29T17:15:06","date_gmt":"2025-01-29T17:15:06","guid":{"rendered":"https:\/\/shop.miredmovil.com\/?post_type=product&#038;p=1883"},"modified":"2025-02-12T04:15:29","modified_gmt":"2025-02-12T04:15:29","slug":"moto-g55-5g","status":"publish","type":"product","link":"https:\/\/shop.miredmovil.com\/?product=moto-g55-5g","title":{"rendered":"Moto G55 5G"},"content":{"rendered":"<h3>Caracter\u00edsticas Principales del Moto G55 5G:<\/h3>\n<ul>\n<li><strong>C\u00e1mara de Alta Calidad:<\/strong>\u00a0Captura momentos memorables con la c\u00e1mara principal de 50 + 8 MP y toma selfies n\u00edtidos con su c\u00e1mara frontal de 16 MP.<\/li>\n<li><strong>Almacenamiento y Rendimiento:<\/strong>\u00a0Equipado con 8 GB de RAM y 256 GB de almacenamiento interno, tendr\u00e1s espacio de sobra para tus aplicaciones, fotos y videos.<\/li>\n<li><strong>Bater\u00eda Duradera:<\/strong>\u00a0Con una bater\u00eda de 5,000 mAh, el Moto G55 5G te ofrece la autonom\u00eda necesaria para mantenerte conectado todo el d\u00eda.<\/li>\n<li><strong>Sistema Operativo Moderno:<\/strong>\u00a0Corre con Android 14, disfrutando de una experiencia fluida y acceso a las \u00faltimas actualizaciones.<\/li>\n<\/ul>\n<h3>Colores Elegantes<\/h3>\n<p>El Motorola Moto G55 5G est\u00e1 disponible en dos atractivos colores: Negro y Verde, permiti\u00e9ndote elegir el que mejor se adapte a tu estilo.<\/p>\n","protected":false},"excerpt":{"rendered":"<p style=\"margin: 0cm; background: white;\"><span style=\"font-family: 'ATT Aleck Sans',sans-serif; color: #3f3e3e;\">Un celular de gama baja que ofrece excelentes caracter\u00edsticas a un precio accesible. Con su pantalla de 6.5\u201d Full HD+, disfrutar\u00e1s de im\u00e1genes claras y vibrantes, perfectas para ver videos y navegar en tus redes sociales.<\/span><\/p>\n","protected":false},"featured_media":1884,"comment_status":"closed","ping_status":"closed","template":"","meta":[],"product_brand":[],"product_cat":[23],"product_tag":[191,192],"class_list":{"0":"post-1883","1":"product","2":"type-product","3":"status-publish","4":"has-post-thumbnail","6":"product_cat-motorola","7":"product_tag-moto-g55","8":"product_tag-motorola-g55","10":"first","11":"instock","12":"taxable","13":"shipping-taxable","14":"purchasable","15":"product-type-variable","16":"has-default-attributes"},"_links":{"self":[{"href":"https:\/\/shop.miredmovil.com\/index.php?rest_route=\/wp\/v2\/product\/1883","targetHints":{"allow":["GET"]}}],"collection":[{"href":"https:\/\/shop.miredmovil.com\/index.php?rest_route=\/wp\/v2\/product"}],"about":[{"href":"https:\/\/shop.miredmovil.com\/index.php?rest_route=\/wp\/v2\/types\/product"}],"replies":[{"embeddable":true,"href":"https:\/\/shop.miredmovil.com\/index.php?rest_route=%2Fwp%2Fv2%2Fcomments&post=1883"}],"wp:featuredmedia":[{"embeddable":true,"href":"https:\/\/shop.miredmovil.com\/index.php?rest_route=\/wp\/v2\/media\/1884"}],"wp:attachment":[{"href":"https:\/\/shop.miredmovil.com\/index.php?rest_route=%2Fwp%2Fv2%2Fmedia&parent=1883"}],"wp:term":[{"taxonomy":"product_brand","embeddable":true,"href":"https:\/\/shop.miredmovil.com\/index.php?rest_route=%2Fwp%2Fv2%2Fproduct_brand&post=1883"},{"taxonomy":"product_cat","embeddable":true,"href":"https:\/\/shop.miredmovil.com\/index.php?rest_route=%2Fwp%2Fv2%2Fproduct_cat&post=1883"},{"taxonomy":"product_tag","embeddable":true,"href":"https:\/\/shop.miredmovil.com\/index.php?rest_route=%2Fwp%2Fv2%2Fproduct_tag&post=1883"}],"curies":[{"name":"wp","href":"https:\/\/api.w.org\/{rel}","templated":true}]}}